{"id":172,"date":"2025-09-16T02:32:37","date_gmt":"2025-09-16T02:32:37","guid":{"rendered":"https:\/\/derechoysociedad.pe\/ebooks\/?post_type=product&#038;p=172"},"modified":"2025-09-15T22:55:39","modified_gmt":"2025-09-16T03:55:39","slug":"regulacion-y-reactivacion-economica-perspectivas-desde-especialidades","status":"publish","type":"product","link":"https:\/\/derechoysociedad.pe\/ebooks\/producto\/regulacion-y-reactivacion-economica-perspectivas-desde-especialidades\/","title":{"rendered":"Regulaci\u00f3n y reactivaci\u00f3n econ\u00f3mica. Perspectivas por especialidades"},"content":{"rendered":"<p>Esta obra re\u00fane una serie de estudios desde distintas perspectivas sectoriales que tienen como prop\u00f3sito analizar el estado de la cuesti\u00f3n y propuestas necesarias para la reactivaci\u00f3n econ\u00f3mica en Per\u00fa.<\/p>\n","protected":false},"excerpt":{"rendered":"<p><strong data-start=\"207\" data-end=\"218\">T\u00edtulo:<\/strong>\u00a0Regulaci\u00f3n y reactivaci\u00f3n econ\u00f3mica. Perspectivas por especialidades<br data-start=\"239\" data-end=\"242\" \/><strong data-start=\"242\" data-end=\"252\">Director:\u00a0<\/strong>Favio Montenegro Monteza<br data-start=\"271\" data-end=\"274\" \/><strong data-start=\"274\" data-end=\"283\" data-is-only-node=\"\">ISBN:<\/strong>\u00a0978-612-49678-8-7<br data-start=\"301\" data-end=\"304\" \/><strong data-start=\"304\" data-end=\"318\">Categor\u00eda:<\/strong>\u00a0Derecho constitucional y administrativo<br data-start=\"394\" data-end=\"397\" \/><strong data-start=\"397\" data-end=\"411\">Editorial:<\/strong>\u00a0Derecho &amp; Sociedad<br data-start=\"436\" data-end=\"439\" \/><strong data-start=\"439\" data-end=\"448\">Tapa:<\/strong>\u00a0Blanda<br data-start=\"455\" data-end=\"458\" \/><strong data-start=\"458\" data-end=\"470\">Edici\u00f3n:<\/strong>\u00a01.\u00aa edici\u00f3n\u00a0<br data-start=\"491\" data-end=\"494\" \/><strong data-start=\"494\" data-end=\"517\">A\u00f1o de publicaci\u00f3n:<\/strong> 2024<br data-start=\"547\" data-end=\"550\" \/><strong data-start=\"550\" data-end=\"576\">Ciudad de publicaci\u00f3n:<\/strong>\u00a0Lima<br data-start=\"581\" data-end=\"584\" \/><strong data-start=\"584\" data-end=\"606\">N\u00famero de p\u00e1ginas:<\/strong>\u00a0250<\/p>\n<p><a href=\"https:\/\/drive.google.com\/file\/d\/1Ux1w7ues8pigCla7swzf5J7aL36MAiER\/view\" target=\"_blank\" rel=\"noopener\"><span style=\"text-decoration: underline;\"><strong>Visualizar \u00edndice<\/strong><\/span><\/a><\/p>\n","protected":false},"featured_media":174,"comment_status":"open","ping_status":"closed","template":"","meta":{"site-sidebar-layout":"default","site-content-layout":"","ast-site-content-layout":"default","site-content-style":"default","site-sidebar-style":"default","ast-global-header-display":"","ast-banner-title-visibility":"","ast-main-header-display":"","ast-hfb-above-header-display":"","ast-hfb-below-header-display":"","ast-hfb-mobile-header-display":"","site-post-title":"","ast-breadcrumbs-content":"","ast-featured-img":"","footer-sml-layout":"","theme-transparent-header-meta":"default","adv-header-id-meta":"","stick-header-meta":"","header-above-stick-meta":"","header-main-stick-meta":"","header-below-stick-meta":"","astra-migrate-meta-layouts":"set","ast-page-background-enabled":"default","ast-page-background-meta":{"desktop":{"background-color":"var(--ast-global-color-5)","background-image":"","background-repeat":"repeat","background-position":"center center","background-size":"auto","background-attachment":"scroll","background-type":"","background-media":"","overlay-type":"","overlay-color":"","overlay-opacity":"","overlay-gradient":""},"tablet":{"background-color":"","background-image":"","background-repeat":"repeat","background-position":"center center","background-size":"auto","background-attachment":"scroll","background-type":"","background-media":"","overlay-type":"","overlay-color":"","overlay-opacity":"","overlay-gradient":""},"mobile":{"background-color":"","background-image":"","background-repeat":"repeat","background-position":"center center","background-size":"auto","background-attachment":"scroll","background-type":"","background-media":"","overlay-type":"","overlay-color":"","overlay-opacity":"","overlay-gradient":""}},"ast-content-background-meta":{"desktop":{"background-color":"var(--ast-global-color-4)","background-image":"","background-repeat":"repeat","background-position":"center center","background-size":"auto","background-attachment":"scroll","background-type":"","background-media":"","overlay-type":"","overlay-color":"","overlay-opacity":"","overlay-gradient":""},"tablet":{"background-color":"var(--ast-global-color-4)","background-image":"","background-repeat":"repeat","background-position":"center center","background-size":"auto","background-attachment":"scroll","background-type":"","background-media":"","overlay-type":"","overlay-color":"","overlay-opacity":"","overlay-gradient":""},"mobile":{"background-color":"var(--ast-global-color-4)","background-image":"","background-repeat":"repeat","background-position":"center center","background-size":"auto","background-attachment":"scroll","background-type":"","background-media":"","overlay-type":"","overlay-color":"","overlay-opacity":"","overlay-gradient":""}}},"product_brand":[],"product_cat":[15],"product_tag":[],"class_list":{"0":"post-172","1":"product","2":"type-product","3":"status-publish","4":"has-post-thumbnail","6":"product_cat-sin-categorizar","7":"desktop-align-left","8":"tablet-align-left","9":"mobile-align-left","11":"first","12":"instock","13":"virtual","14":"purchasable","15":"product-type-simple"},"_links":{"self":[{"href":"https:\/\/derechoysociedad.pe\/ebooks\/wp-json\/wp\/v2\/product\/172","targetHints":{"allow":["GET"]}}],"collection":[{"href":"https:\/\/derechoysociedad.pe\/ebooks\/wp-json\/wp\/v2\/product"}],"about":[{"href":"https:\/\/derechoysociedad.pe\/ebooks\/wp-json\/wp\/v2\/types\/product"}],"replies":[{"embeddable":true,"href":"https:\/\/derechoysociedad.pe\/ebooks\/wp-json\/wp\/v2\/comments?post=172"}],"wp:featuredmedia":[{"embeddable":true,"href":"https:\/\/derechoysociedad.pe\/ebooks\/wp-json\/wp\/v2\/media\/174"}],"wp:attachment":[{"href":"https:\/\/derechoysociedad.pe\/ebooks\/wp-json\/wp\/v2\/media?parent=172"}],"wp:term":[{"taxonomy":"product_brand","embeddable":true,"href":"https:\/\/derechoysociedad.pe\/ebooks\/wp-json\/wp\/v2\/product_brand?post=172"},{"taxonomy":"product_cat","embeddable":true,"href":"https:\/\/derechoysociedad.pe\/ebooks\/wp-json\/wp\/v2\/product_cat?post=172"},{"taxonomy":"product_tag","embeddable":true,"href":"https:\/\/derechoysociedad.pe\/ebooks\/wp-json\/wp\/v2\/product_tag?post=172"}],"curies":[{"name":"wp","href":"https:\/\/api.w.org\/{rel}","templated":true}]}}