{"id":233,"date":"2025-09-24T16:49:26","date_gmt":"2025-09-24T21:49:26","guid":{"rendered":"https:\/\/derechoysociedad.pe\/ebooks\/?post_type=product&#038;p=233"},"modified":"2025-11-02T12:43:13","modified_gmt":"2025-11-02T17:43:13","slug":"derecho-de-la-energia-digital","status":"publish","type":"product","link":"https:\/\/derechoysociedad.pe\/ebooks\/producto\/derecho-de-la-energia-digital\/","title":{"rendered":"Derecho de la energ\u00eda: el sector el\u00e9ctrico (2.\u00aa edici\u00f3n) &#8211; Digital"},"content":{"rendered":"<div class=\"product-tabs-wrapper\">\n<div class=\"container\">\n<div class=\"row\">\n<div class=\"col-12 poduct-tabs-inner\">\n<div class=\"woocommerce-tabs wc-tabs-wrapper tabs-layout-tabs\" data-state=\"first\" data-layout=\"tabs\">\n<div class=\"wd-accordion-item\">\n<div id=\"tab-description\" class=\"entry-content woocommerce-Tabs-panel woocommerce-Tabs-panel--description wd-active panel wc-tab\" role=\"tabpanel\" aria-labelledby=\"tab-title-description\" data-accordion-index=\"description\">\n<div class=\"wc-tab-inner\">\n<p style=\"text-align: center;\">La segunda edici\u00f3n de Derecho de la Energ\u00eda. El sector el\u00e9ctrico se presenta como una obra colectiva que re\u00fane a especialistas de distintos pa\u00edses de Iberoam\u00e9rica y Europa, con el prop\u00f3sito de analizar de manera integral los retos del sector el\u00e9ctrico en el contexto actual de transici\u00f3n energ\u00e9tica, crisis clim\u00e1tica e incertidumbre econ\u00f3mica. El libro combina teor\u00eda y pr\u00e1ctica, explorando el equilibrio entre la regulaci\u00f3n estatal, la din\u00e1mica del mercado, los derechos de los consumidores y la necesidad de garantizar un acceso seguro, asequible y sostenible a la energ\u00eda.<\/p>\n<p style=\"text-align: center;\">En esta nueva entrega, se conservan los aportes m\u00e1s relevantes de la primera edici\u00f3n y se incorporan cinco colaboraciones in\u00e9ditas que abordan temas emergentes: la transici\u00f3n energ\u00e9tica y los derechos laborales, la conformaci\u00f3n de un mercado el\u00e9ctrico nacional, el reconocimiento del derecho humano a la energ\u00eda en M\u00e9xico, los escenarios regulatorios en Am\u00e9rica Latina frente a las transformaciones en Estados Unidos y el control jurisdiccional de la planificaci\u00f3n energ\u00e9tica clim\u00e1tica en Francia y Espa\u00f1a. El resultado es una obra enriquecida y actualizada que ofrece al lector una mirada comparada, interdisciplinaria y orientada a proponer soluciones frente a los desaf\u00edos que enfrenta el sector el\u00e9ctrico en la regi\u00f3n.<\/p>\n<\/div>\n<\/div>\n<\/div>\n<\/div>\n<\/div>\n<\/div>\n<\/div>\n<\/div>\n<div class=\"container related-and-upsells\">\n<div id=\"carousel-667\" class=\"wd-carousel-container related-products with-title wd-products-element wd-products products\">\n<h4 class=\"wd-el-title title slider-title element-title\" style=\"text-align: center;\"><\/h4>\n<\/div>\n<\/div>\n","protected":false},"excerpt":{"rendered":"<p><strong data-start=\"207\" data-end=\"218\">T\u00edtulo:<\/strong>\u00a0Derecho de la energ\u00eda: el sector el\u00e9ctrico<br data-start=\"239\" data-end=\"242\" \/><strong data-start=\"242\" data-end=\"252\">Coordinadores:\u00a0<\/strong>Jorge Dan\u00f3s Ord\u00f3\u00f1ez y Victor Hern\u00e1ndez-Mendible<br data-start=\"301\" data-end=\"304\" \/><strong data-start=\"304\" data-end=\"318\">Categor\u00eda:<\/strong>\u00a0Derecho administrativo, derecho de la energ\u00eda<br data-start=\"394\" data-end=\"397\" \/><strong data-start=\"397\" data-end=\"411\">Editorial:<\/strong> Derecho &amp; Sociedad<br data-start=\"455\" data-end=\"458\" \/><strong data-start=\"458\" data-end=\"470\">Edici\u00f3n:<\/strong>\u00a02.\u00aa edici\u00f3n\u00a0<br data-start=\"491\" data-end=\"494\" \/><strong data-start=\"494\" data-end=\"517\">A\u00f1o de publicaci\u00f3n:<\/strong> 2025<br data-start=\"547\" data-end=\"550\" \/><strong data-start=\"550\" data-end=\"576\">Ciudad de publicaci\u00f3n:<\/strong>\u00a0Lima<br data-start=\"581\" data-end=\"584\" \/><strong data-start=\"584\" data-end=\"606\">N\u00famero de p\u00e1ginas:<\/strong>\u00a0564<\/p>\n<p><a href=\"https:\/\/drive.google.com\/file\/d\/1ravppuuYHiTIGYUFpio5t8yZfZujmMae\/view?usp=sharing\" target=\"_blank\" rel=\"noopener\"><strong>Visualizar \u00edndice<\/strong><\/a><\/p>\n","protected":false},"featured_media":237,"comment_status":"open","ping_status":"closed","template":"","meta":{"site-sidebar-layout":"default","site-content-layout":"","ast-site-content-layout":"default","site-content-style":"default","site-sidebar-style":"default","ast-global-header-display":"","ast-banner-title-visibility":"","ast-main-header-display":"","ast-hfb-above-header-display":"","ast-hfb-below-header-display":"","ast-hfb-mobile-header-display":"","site-post-title":"","ast-breadcrumbs-content":"","ast-featured-img":"","footer-sml-layout":"","theme-transparent-header-meta":"default","adv-header-id-meta":"","stick-header-meta":"","header-above-stick-meta":"","header-main-stick-meta":"","header-below-stick-meta":"","astra-migrate-meta-layouts":"set","ast-page-background-enabled":"default","ast-page-background-meta":{"desktop":{"background-color":"var(--ast-global-color-5)","background-image":"","background-repeat":"repeat","background-position":"center center","background-size":"auto","background-attachment":"scroll","background-type":"","background-media":"","overlay-type":"","overlay-color":"","overlay-opacity":"","overlay-gradient":""},"tablet":{"background-color":"","background-image":"","background-repeat":"repeat","background-position":"center center","background-size":"auto","background-attachment":"scroll","background-type":"","background-media":"","overlay-type":"","overlay-color":"","overlay-opacity":"","overlay-gradient":""},"mobile":{"background-color":"","background-image":"","background-repeat":"repeat","background-position":"center center","background-size":"auto","background-attachment":"scroll","background-type":"","background-media":"","overlay-type":"","overlay-color":"","overlay-opacity":"","overlay-gradient":""}},"ast-content-background-meta":{"desktop":{"background-color":"var(--ast-global-color-4)","background-image":"","background-repeat":"repeat","background-position":"center center","background-size":"auto","background-attachment":"scroll","background-type":"","background-media":"","overlay-type":"","overlay-color":"","overlay-opacity":"","overlay-gradient":""},"tablet":{"background-color":"var(--ast-global-color-4)","background-image":"","background-repeat":"repeat","background-position":"center center","background-size":"auto","background-attachment":"scroll","background-type":"","background-media":"","overlay-type":"","overlay-color":"","overlay-opacity":"","overlay-gradient":""},"mobile":{"background-color":"var(--ast-global-color-4)","background-image":"","background-repeat":"repeat","background-position":"center center","background-size":"auto","background-attachment":"scroll","background-type":"","background-media":"","overlay-type":"","overlay-color":"","overlay-opacity":"","overlay-gradient":""}}},"product_brand":[],"product_cat":[15],"product_tag":[],"class_list":{"0":"post-233","1":"product","2":"type-product","3":"status-publish","4":"has-post-thumbnail","6":"product_cat-sin-categorizar","7":"desktop-align-left","8":"tablet-align-left","9":"mobile-align-left","11":"first","12":"instock","13":"virtual","14":"purchasable","15":"product-type-simple"},"_links":{"self":[{"href":"https:\/\/derechoysociedad.pe\/ebooks\/wp-json\/wp\/v2\/product\/233","targetHints":{"allow":["GET"]}}],"collection":[{"href":"https:\/\/derechoysociedad.pe\/ebooks\/wp-json\/wp\/v2\/product"}],"about":[{"href":"https:\/\/derechoysociedad.pe\/ebooks\/wp-json\/wp\/v2\/types\/product"}],"replies":[{"embeddable":true,"href":"https:\/\/derechoysociedad.pe\/ebooks\/wp-json\/wp\/v2\/comments?post=233"}],"wp:featuredmedia":[{"embeddable":true,"href":"https:\/\/derechoysociedad.pe\/ebooks\/wp-json\/wp\/v2\/media\/237"}],"wp:attachment":[{"href":"https:\/\/derechoysociedad.pe\/ebooks\/wp-json\/wp\/v2\/media?parent=233"}],"wp:term":[{"taxonomy":"product_brand","embeddable":true,"href":"https:\/\/derechoysociedad.pe\/ebooks\/wp-json\/wp\/v2\/product_brand?post=233"},{"taxonomy":"product_cat","embeddable":true,"href":"https:\/\/derechoysociedad.pe\/ebooks\/wp-json\/wp\/v2\/product_cat?post=233"},{"taxonomy":"product_tag","embeddable":true,"href":"https:\/\/derechoysociedad.pe\/ebooks\/wp-json\/wp\/v2\/product_tag?post=233"}],"curies":[{"name":"wp","href":"https:\/\/api.w.org\/{rel}","templated":true}]}}