{"id":264,"date":"2025-11-02T12:13:53","date_gmt":"2025-11-02T17:13:53","guid":{"rendered":"https:\/\/derechoysociedad.pe\/ebooks\/?post_type=product&#038;p=264"},"modified":"2025-11-15T23:23:43","modified_gmt":"2025-11-16T04:23:43","slug":"fundamentos-de-derecho-internacional-publico-teoria-y-practica-digital","status":"publish","type":"product","link":"https:\/\/derechoysociedad.pe\/ebooks\/producto\/fundamentos-de-derecho-internacional-publico-teoria-y-practica-digital\/","title":{"rendered":"Fundamentos de Derecho Internacional P\u00fablico. Teor\u00eda y pr\u00e1ctica &#8211; Digital"},"content":{"rendered":"<p>El libro \u00abFundamentos de derecho internacional p\u00fablico. Teor\u00eda y pr\u00e1ctica\u00bb del profesor Pablo Rosales Zamora se presenta como una obra rigurosa y a la vez accesible que busca acercar los principales conceptos, instituciones y problemas del derecho internacional a nuevas generaciones de juristas. Con un lenguaje claro, cuadros explicativos, bibliograf\u00eda complementaria y un notable cuidado en la terminolog\u00eda, el autor ofrece una herramienta acad\u00e9mica pensada tanto para el estudio inicial como para la profundizaci\u00f3n investigativa. Adem\u00e1s, recoge los aportes recientes en torno al espa\u00f1ol jur\u00eddico y los debates de la diplomacia contempor\u00e1nea, lo que refuerza su actualidad.<\/p>\n<p>Estructurada en cuatro partes, la obra combina tradici\u00f3n y novedad: desde el repaso hist\u00f3rico hasta los enfoques menos explorados en Am\u00e9rica Latina; desde el an\u00e1lisis de los sujetos cl\u00e1sicos del derecho internacional hasta entidades regionales y realidades propias del Per\u00fa; desde las fuentes del derecho, con especial atenci\u00f3n al ius cogens y la costumbre, hasta la efectividad pr\u00e1ctica en \u00e1mbitos diplom\u00e1ticos, consulares y de autodeterminaci\u00f3n de los pueblos. Con ello, Rosales ofrece una visi\u00f3n hol\u00edstica y cr\u00edtica que convierte este libro en un aporte acad\u00e9mico de proyecci\u00f3n continental, destinado a convertirse en referencia obligada en el estudio del derecho internacional.<\/p>\n","protected":false},"excerpt":{"rendered":"<p><strong data-start=\"207\" data-end=\"218\">T\u00edtulo:<\/strong> Derecho Internacional P\u00fablico. Teor\u00eda y Pr\u00e1ctica<br data-start=\"239\" data-end=\"242\" \/><strong data-start=\"242\" data-end=\"252\">Autor:\u00a0<\/strong>Pablo Rosales Zamora<br data-start=\"271\" data-end=\"274\" \/><strong data-start=\"274\" data-end=\"283\" data-is-only-node=\"\">ISBN:<\/strong>\u00a0978-612-99008-5-8<br data-start=\"301\" data-end=\"304\" \/><strong data-start=\"304\" data-end=\"318\">Categor\u00eda:<\/strong>\u00a0Derecho internacional, derecho internacional p\u00fablico<br data-start=\"394\" data-end=\"397\" \/><strong data-start=\"397\" data-end=\"411\">Editorial:<\/strong>\u00a0Derecho &amp; Sociedad<br data-start=\"436\" data-end=\"439\" \/><strong data-start=\"439\" data-end=\"448\">Tapa:<\/strong>\u00a0Blanda<br data-start=\"455\" data-end=\"458\" \/><strong data-start=\"458\" data-end=\"470\">Edici\u00f3n:<\/strong>\u00a01.\u00aa edici\u00f3n\u00a0<br data-start=\"491\" data-end=\"494\" \/><strong data-start=\"494\" data-end=\"517\">A\u00f1o de publicaci\u00f3n:<\/strong>\u00a02025<br data-start=\"522\" data-end=\"525\" \/><strong data-start=\"525\" data-end=\"545\">Tama\u00f1o:<\/strong>\u00a024 x 17cm<br data-start=\"547\" data-end=\"550\" \/><strong data-start=\"550\" data-end=\"576\">Ciudad de publicaci\u00f3n:<\/strong>\u00a0Lima<br data-start=\"581\" data-end=\"584\" \/><strong data-start=\"584\" data-end=\"606\">N\u00famero de p\u00e1ginas:<\/strong>\u00a0522<\/p>\n","protected":false},"featured_media":266,"comment_status":"open","ping_status":"closed","template":"","meta":{"site-sidebar-layout":"default","site-content-layout":"","ast-site-content-layout":"default","site-content-style":"default","site-sidebar-style":"default","ast-global-header-display":"","ast-banner-title-visibility":"","ast-main-header-display":"","ast-hfb-above-header-display":"","ast-hfb-below-header-display":"","ast-hfb-mobile-header-display":"","site-post-title":"","ast-breadcrumbs-content":"","ast-featured-img":"","footer-sml-layout":"","theme-transparent-header-meta":"default","adv-header-id-meta":"","stick-header-meta":"","header-above-stick-meta":"","header-main-stick-meta":"","header-below-stick-meta":"","astra-migrate-meta-layouts":"set","ast-page-background-enabled":"default","ast-page-background-meta":{"desktop":{"background-color":"var(--ast-global-color-5)","background-image":"","background-repeat":"repeat","background-position":"center center","background-size":"auto","background-attachment":"scroll","background-type":"","background-media":"","overlay-type":"","overlay-color":"","overlay-opacity":"","overlay-gradient":""},"tablet":{"background-color":"","background-image":"","background-repeat":"repeat","background-position":"center center","background-size":"auto","background-attachment":"scroll","background-type":"","background-media":"","overlay-type":"","overlay-color":"","overlay-opacity":"","overlay-gradient":""},"mobile":{"background-color":"","background-image":"","background-repeat":"repeat","background-position":"center center","background-size":"auto","background-attachment":"scroll","background-type":"","background-media":"","overlay-type":"","overlay-color":"","overlay-opacity":"","overlay-gradient":""}},"ast-content-background-meta":{"desktop":{"background-color":"var(--ast-global-color-4)","background-image":"","background-repeat":"repeat","background-position":"center center","background-size":"auto","background-attachment":"scroll","background-type":"","background-media":"","overlay-type":"","overlay-color":"","overlay-opacity":"","overlay-gradient":""},"tablet":{"background-color":"var(--ast-global-color-4)","background-image":"","background-repeat":"repeat","background-position":"center center","background-size":"auto","background-attachment":"scroll","background-type":"","background-media":"","overlay-type":"","overlay-color":"","overlay-opacity":"","overlay-gradient":""},"mobile":{"background-color":"var(--ast-global-color-4)","background-image":"","background-repeat":"repeat","background-position":"center center","background-size":"auto","background-attachment":"scroll","background-type":"","background-media":"","overlay-type":"","overlay-color":"","overlay-opacity":"","overlay-gradient":""}}},"product_brand":[],"product_cat":[15],"product_tag":[],"class_list":{"0":"post-264","1":"product","2":"type-product","3":"status-publish","4":"has-post-thumbnail","6":"product_cat-sin-categorizar","7":"desktop-align-left","8":"tablet-align-left","9":"mobile-align-left","11":"first","12":"instock","13":"virtual","14":"purchasable","15":"product-type-simple"},"_links":{"self":[{"href":"https:\/\/derechoysociedad.pe\/ebooks\/wp-json\/wp\/v2\/product\/264","targetHints":{"allow":["GET"]}}],"collection":[{"href":"https:\/\/derechoysociedad.pe\/ebooks\/wp-json\/wp\/v2\/product"}],"about":[{"href":"https:\/\/derechoysociedad.pe\/ebooks\/wp-json\/wp\/v2\/types\/product"}],"replies":[{"embeddable":true,"href":"https:\/\/derechoysociedad.pe\/ebooks\/wp-json\/wp\/v2\/comments?post=264"}],"wp:featuredmedia":[{"embeddable":true,"href":"https:\/\/derechoysociedad.pe\/ebooks\/wp-json\/wp\/v2\/media\/266"}],"wp:attachment":[{"href":"https:\/\/derechoysociedad.pe\/ebooks\/wp-json\/wp\/v2\/media?parent=264"}],"wp:term":[{"taxonomy":"product_brand","embeddable":true,"href":"https:\/\/derechoysociedad.pe\/ebooks\/wp-json\/wp\/v2\/product_brand?post=264"},{"taxonomy":"product_cat","embeddable":true,"href":"https:\/\/derechoysociedad.pe\/ebooks\/wp-json\/wp\/v2\/product_cat?post=264"},{"taxonomy":"product_tag","embeddable":true,"href":"https:\/\/derechoysociedad.pe\/ebooks\/wp-json\/wp\/v2\/product_tag?post=264"}],"curies":[{"name":"wp","href":"https:\/\/api.w.org\/{rel}","templated":true}]}}