{"id":269,"date":"2025-11-02T12:28:04","date_gmt":"2025-11-02T17:28:04","guid":{"rendered":"https:\/\/derechoysociedad.pe\/ebooks\/?post_type=product&#038;p=269"},"modified":"2025-11-02T12:34:39","modified_gmt":"2025-11-02T17:34:39","slug":"el-principio-de-conservacion-del-acto-administrativo-2da-ed-digital","status":"publish","type":"product","link":"https:\/\/derechoysociedad.pe\/ebooks\/producto\/el-principio-de-conservacion-del-acto-administrativo-2da-ed-digital\/","title":{"rendered":"El principio de conservaci\u00f3n del acto administrativo (2da. ed.) &#8211; Digital"},"content":{"rendered":"<div class=\"product-tabs-wrapper\">\n<div class=\"container\">\n<div class=\"row\">\n<div class=\"col-12 poduct-tabs-inner\">\n<div class=\"woocommerce-tabs wc-tabs-wrapper tabs-layout-tabs\" data-state=\"first\" data-layout=\"tabs\">\n<div class=\"wd-accordion-item\">\n<div id=\"tab-description\" class=\"entry-content woocommerce-Tabs-panel woocommerce-Tabs-panel--description wd-active panel wc-tab\" role=\"tabpanel\" aria-labelledby=\"tab-title-description\" data-accordion-index=\"description\">\n<div class=\"wc-tab-inner\">\n<p>La obra ofrece el primer estudio sistem\u00e1tico en el Per\u00fa sobre el principio de conservaci\u00f3n del acto administrativo, entendido como una pauta interpretativa que permite mantener la validez de actos con irregularidades no sustanciales. A partir de una revisi\u00f3n profunda del derecho civil y su proyecci\u00f3n al \u00e1mbito p\u00fablico, la obra analiza el r\u00e9gimen de invalidez administrativa a la luz de la Ley N.\u00ba 27444 y propone una lectura que armoniza legalidad y seguridad jur\u00eddica. Esta segunda edici\u00f3n, revisada y ampliada, incorpora un enfoque m\u00e1s claro sobre los mecanismos procesales de conservaci\u00f3n y los l\u00edmites de la nulidad, convirti\u00e9ndose en una herramienta imprescindible para abogados, funcionarios y estudiosos del derecho administrativo.<\/p>\n<\/div>\n<\/div>\n<\/div>\n<\/div>\n<\/div>\n<\/div>\n<\/div>\n<\/div>\n","protected":false},"excerpt":{"rendered":"<p><strong data-start=\"207\" data-end=\"218\">T\u00edtulo:<\/strong>\u00a0El principio de conservaci\u00f3n del acto administrativo<br data-start=\"239\" data-end=\"242\" \/><strong data-start=\"242\" data-end=\"252\">Autor:\u00a0<\/strong>Diego M\u00e9ndez V\u00e1squez<br data-start=\"301\" data-end=\"304\" \/><strong data-start=\"304\" data-end=\"318\">Categor\u00eda:<\/strong>\u00a0Derecho administrativo<br data-start=\"394\" data-end=\"397\" \/><strong data-start=\"397\" data-end=\"411\">Editorial:<\/strong>\u00a0Derecho &amp; Sociedad<br data-start=\"436\" data-end=\"439\" \/><strong data-start=\"458\" data-end=\"470\">Edici\u00f3n:<\/strong>\u00a02.\u00aa edici\u00f3n\u00a0<br data-start=\"491\" data-end=\"494\" \/><strong data-start=\"494\" data-end=\"517\">A\u00f1o de publicaci\u00f3n:<\/strong>\u00a02025<br data-start=\"522\" data-end=\"525\" \/><strong data-start=\"550\" data-end=\"576\">Ciudad de publicaci\u00f3n:<\/strong>\u00a0Lima<br data-start=\"581\" data-end=\"584\" \/><strong data-start=\"584\" data-end=\"606\">N\u00famero de p\u00e1ginas:<\/strong>\u00a0266<\/p>\n","protected":false},"featured_media":271,"comment_status":"open","ping_status":"closed","template":"","meta":{"site-sidebar-layout":"default","site-content-layout":"","ast-site-content-layout":"default","site-content-style":"default","site-sidebar-style":"default","ast-global-header-display":"","ast-banner-title-visibility":"","ast-main-header-display":"","ast-hfb-above-header-display":"","ast-hfb-below-header-display":"","ast-hfb-mobile-header-display":"","site-post-title":"","ast-breadcrumbs-content":"","ast-featured-img":"","footer-sml-layout":"","theme-transparent-header-meta":"default","adv-header-id-meta":"","stick-header-meta":"","header-above-stick-meta":"","header-main-stick-meta":"","header-below-stick-meta":"","astra-migrate-meta-layouts":"set","ast-page-background-enabled":"default","ast-page-background-meta":{"desktop":{"background-color":"var(--ast-global-color-5)","background-image":"","background-repeat":"repeat","background-position":"center center","background-size":"auto","background-attachment":"scroll","background-type":"","background-media":"","overlay-type":"","overlay-color":"","overlay-opacity":"","overlay-gradient":""},"tablet":{"background-color":"","background-image":"","background-repeat":"repeat","background-position":"center center","background-size":"auto","background-attachment":"scroll","background-type":"","background-media":"","overlay-type":"","overlay-color":"","overlay-opacity":"","overlay-gradient":""},"mobile":{"background-color":"","background-image":"","background-repeat":"repeat","background-position":"center center","background-size":"auto","background-attachment":"scroll","background-type":"","background-media":"","overlay-type":"","overlay-color":"","overlay-opacity":"","overlay-gradient":""}},"ast-content-background-meta":{"desktop":{"background-color":"var(--ast-global-color-4)","background-image":"","background-repeat":"repeat","background-position":"center center","background-size":"auto","background-attachment":"scroll","background-type":"","background-media":"","overlay-type":"","overlay-color":"","overlay-opacity":"","overlay-gradient":""},"tablet":{"background-color":"var(--ast-global-color-4)","background-image":"","background-repeat":"repeat","background-position":"center center","background-size":"auto","background-attachment":"scroll","background-type":"","background-media":"","overlay-type":"","overlay-color":"","overlay-opacity":"","overlay-gradient":""},"mobile":{"background-color":"var(--ast-global-color-4)","background-image":"","background-repeat":"repeat","background-position":"center center","background-size":"auto","background-attachment":"scroll","background-type":"","background-media":"","overlay-type":"","overlay-color":"","overlay-opacity":"","overlay-gradient":""}}},"product_brand":[],"product_cat":[15],"product_tag":[],"class_list":{"0":"post-269","1":"product","2":"type-product","3":"status-publish","4":"has-post-thumbnail","6":"product_cat-sin-categorizar","7":"desktop-align-left","8":"tablet-align-left","9":"mobile-align-left","11":"first","12":"instock","13":"virtual","14":"purchasable","15":"product-type-simple"},"_links":{"self":[{"href":"https:\/\/derechoysociedad.pe\/ebooks\/wp-json\/wp\/v2\/product\/269","targetHints":{"allow":["GET"]}}],"collection":[{"href":"https:\/\/derechoysociedad.pe\/ebooks\/wp-json\/wp\/v2\/product"}],"about":[{"href":"https:\/\/derechoysociedad.pe\/ebooks\/wp-json\/wp\/v2\/types\/product"}],"replies":[{"embeddable":true,"href":"https:\/\/derechoysociedad.pe\/ebooks\/wp-json\/wp\/v2\/comments?post=269"}],"wp:featuredmedia":[{"embeddable":true,"href":"https:\/\/derechoysociedad.pe\/ebooks\/wp-json\/wp\/v2\/media\/271"}],"wp:attachment":[{"href":"https:\/\/derechoysociedad.pe\/ebooks\/wp-json\/wp\/v2\/media?parent=269"}],"wp:term":[{"taxonomy":"product_brand","embeddable":true,"href":"https:\/\/derechoysociedad.pe\/ebooks\/wp-json\/wp\/v2\/product_brand?post=269"},{"taxonomy":"product_cat","embeddable":true,"href":"https:\/\/derechoysociedad.pe\/ebooks\/wp-json\/wp\/v2\/product_cat?post=269"},{"taxonomy":"product_tag","embeddable":true,"href":"https:\/\/derechoysociedad.pe\/ebooks\/wp-json\/wp\/v2\/product_tag?post=269"}],"curies":[{"name":"wp","href":"https:\/\/api.w.org\/{rel}","templated":true}]}}