{"id":272,"date":"2025-11-02T12:39:28","date_gmt":"2025-11-02T17:39:28","guid":{"rendered":"https:\/\/derechoysociedad.pe\/ebooks\/?post_type=product&#038;p=272"},"modified":"2025-11-02T12:39:28","modified_gmt":"2025-11-02T17:39:28","slug":"el-pronunciamiento-de-la-administracion-publica-su-naturaleza-juridica-en-la-ejecucion-contractual-digital","status":"publish","type":"product","link":"https:\/\/derechoysociedad.pe\/ebooks\/producto\/el-pronunciamiento-de-la-administracion-publica-su-naturaleza-juridica-en-la-ejecucion-contractual-digital\/","title":{"rendered":"El pronunciamiento de la administraci\u00f3n p\u00fablica. Su naturaleza jur\u00eddica en la ejecuci\u00f3n contractual &#8211; Digital"},"content":{"rendered":"<p>Este libro aborda una cuesti\u00f3n clave pero poco explorada en el derecho administrativo peruano: \u00bfcu\u00e1l es la naturaleza jur\u00eddica del pronunciamiento de la Administraci\u00f3n p\u00fablica durante la ejecuci\u00f3n de los contratos? A partir de un an\u00e1lisis riguroso, el autor sostiene que estos pronunciamientos constituyen verdaderos actos administrativos, lo que permite aplicar principios y garant\u00edas del procedimiento administrativo general tambi\u00e9n en esta fase de la contrataci\u00f3n p\u00fablica.<\/p>\n<p>Con un enfoque comparado \u2014que incluye los marcos normativos de Colombia y Argentina\u2014, la obra propone una institucionalizaci\u00f3n del \u201cacto administrativo contractual\u201d en el Per\u00fa. Esta figura no solo clarifica el marco jur\u00eddico aplicable, sino que fortalece la predictibilidad y las garant\u00edas de los contratistas frente a las decisiones estatales. Una lectura imprescindible para abogados, \u00e1rbitros, funcionarios p\u00fablicos y acad\u00e9micos comprometidos con el perfeccionamiento del derecho administrativo y la contrataci\u00f3n p\u00fablica.<\/p>\n","protected":false},"excerpt":{"rendered":"<p><strong data-start=\"207\" data-end=\"218\">T\u00edtulo:<\/strong>\u00a0El pronunciamiento de la administraci\u00f3n p\u00fablica. Su naturaleza jur\u00eddica en la ejecuci\u00f3n contractual<br data-start=\"239\" data-end=\"242\" \/><strong data-start=\"242\" data-end=\"252\">Autor:\u00a0<\/strong>Gonzalo Mayorca Munive<br data-start=\"271\" data-end=\"274\" \/><strong data-start=\"304\" data-end=\"318\">Categor\u00eda:<\/strong>\u00a0Derecho constitucional y administrativo<br data-start=\"372\" data-end=\"375\" \/><strong data-start=\"397\" data-end=\"411\">Editorial:<\/strong>\u00a0Derecho &amp; Sociedad<br data-start=\"436\" data-end=\"439\" \/><strong data-start=\"458\" data-end=\"470\">Edici\u00f3n:<\/strong>\u00a01.\u00aa edici\u00f3n\u00a0<br data-start=\"491\" data-end=\"494\" \/><strong data-start=\"494\" data-end=\"517\">A\u00f1o de publicaci\u00f3n:<\/strong>\u00a02025<br data-start=\"522\" data-end=\"525\" \/><strong data-start=\"550\" data-end=\"576\">Ciudad de publicaci\u00f3n:<\/strong>\u00a0Lima<br data-start=\"581\" data-end=\"584\" \/><strong data-start=\"584\" data-end=\"606\">N\u00famero de p\u00e1ginas:<\/strong>\u00a0194<\/p>\n","protected":false},"featured_media":273,"comment_status":"open","ping_status":"closed","template":"","meta":{"site-sidebar-layout":"default","site-content-layout":"","ast-site-content-layout":"default","site-content-style":"default","site-sidebar-style":"default","ast-global-header-display":"","ast-banner-title-visibility":"","ast-main-header-display":"","ast-hfb-above-header-display":"","ast-hfb-below-header-display":"","ast-hfb-mobile-header-display":"","site-post-title":"","ast-breadcrumbs-content":"","ast-featured-img":"","footer-sml-layout":"","theme-transparent-header-meta":"default","adv-header-id-meta":"","stick-header-meta":"","header-above-stick-meta":"","header-main-stick-meta":"","header-below-stick-meta":"","astra-migrate-meta-layouts":"set","ast-page-background-enabled":"default","ast-page-background-meta":{"desktop":{"background-color":"var(--ast-global-color-5)","background-image":"","background-repeat":"repeat","background-position":"center center","background-size":"auto","background-attachment":"scroll","background-type":"","background-media":"","overlay-type":"","overlay-color":"","overlay-opacity":"","overlay-gradient":""},"tablet":{"background-color":"","background-image":"","background-repeat":"repeat","background-position":"center center","background-size":"auto","background-attachment":"scroll","background-type":"","background-media":"","overlay-type":"","overlay-color":"","overlay-opacity":"","overlay-gradient":""},"mobile":{"background-color":"","background-image":"","background-repeat":"repeat","background-position":"center center","background-size":"auto","background-attachment":"scroll","background-type":"","background-media":"","overlay-type":"","overlay-color":"","overlay-opacity":"","overlay-gradient":""}},"ast-content-background-meta":{"desktop":{"background-color":"var(--ast-global-color-4)","background-image":"","background-repeat":"repeat","background-position":"center center","background-size":"auto","background-attachment":"scroll","background-type":"","background-media":"","overlay-type":"","overlay-color":"","overlay-opacity":"","overlay-gradient":""},"tablet":{"background-color":"var(--ast-global-color-4)","background-image":"","background-repeat":"repeat","background-position":"center center","background-size":"auto","background-attachment":"scroll","background-type":"","background-media":"","overlay-type":"","overlay-color":"","overlay-opacity":"","overlay-gradient":""},"mobile":{"background-color":"var(--ast-global-color-4)","background-image":"","background-repeat":"repeat","background-position":"center center","background-size":"auto","background-attachment":"scroll","background-type":"","background-media":"","overlay-type":"","overlay-color":"","overlay-opacity":"","overlay-gradient":""}}},"product_brand":[],"product_cat":[15],"product_tag":[],"class_list":{"0":"post-272","1":"product","2":"type-product","3":"status-publish","4":"has-post-thumbnail","6":"product_cat-sin-categorizar","7":"desktop-align-left","8":"tablet-align-left","9":"mobile-align-left","11":"first","12":"instock","13":"virtual","14":"purchasable","15":"product-type-simple"},"_links":{"self":[{"href":"https:\/\/derechoysociedad.pe\/ebooks\/wp-json\/wp\/v2\/product\/272","targetHints":{"allow":["GET"]}}],"collection":[{"href":"https:\/\/derechoysociedad.pe\/ebooks\/wp-json\/wp\/v2\/product"}],"about":[{"href":"https:\/\/derechoysociedad.pe\/ebooks\/wp-json\/wp\/v2\/types\/product"}],"replies":[{"embeddable":true,"href":"https:\/\/derechoysociedad.pe\/ebooks\/wp-json\/wp\/v2\/comments?post=272"}],"wp:featuredmedia":[{"embeddable":true,"href":"https:\/\/derechoysociedad.pe\/ebooks\/wp-json\/wp\/v2\/media\/273"}],"wp:attachment":[{"href":"https:\/\/derechoysociedad.pe\/ebooks\/wp-json\/wp\/v2\/media?parent=272"}],"wp:term":[{"taxonomy":"product_brand","embeddable":true,"href":"https:\/\/derechoysociedad.pe\/ebooks\/wp-json\/wp\/v2\/product_brand?post=272"},{"taxonomy":"product_cat","embeddable":true,"href":"https:\/\/derechoysociedad.pe\/ebooks\/wp-json\/wp\/v2\/product_cat?post=272"},{"taxonomy":"product_tag","embeddable":true,"href":"https:\/\/derechoysociedad.pe\/ebooks\/wp-json\/wp\/v2\/product_tag?post=272"}],"curies":[{"name":"wp","href":"https:\/\/api.w.org\/{rel}","templated":true}]}}