{"id":79,"date":"2025-06-25T11:02:18","date_gmt":"2025-06-25T11:02:18","guid":{"rendered":"https:\/\/nervous-chatterjee.154-53-53-223.plesk.page\/?post_type=product&#038;p=79"},"modified":"2025-11-02T11:56:01","modified_gmt":"2025-11-02T16:56:01","slug":"producto-digital-1","status":"publish","type":"product","link":"https:\/\/derechoysociedad.pe\/ebooks\/producto\/producto-digital-1\/","title":{"rendered":"Estudios de derecho societario peruano &#8211; digital"},"content":{"rendered":"<p>Esta obra colectiva ofrece un estudio sistem\u00e1tico y actualizado del derecho societario peruano a partir de la Ley General de Sociedades, Ley N.\u00ba 26887, entendida como la norma central que regula la vida jur\u00eddica de las sociedades en el pa\u00eds. A trav\u00e9s del aporte de diversos especialistas, se analizan los fundamentos, principios y mecanismos esenciales del r\u00e9gimen societario, prestando especial atenci\u00f3n a los desaf\u00edos interpretativos y pr\u00e1cticos que plantea su aplicaci\u00f3n. La obra incorpora una revisi\u00f3n de derecho comparado que enriquece la comprensi\u00f3n del modelo peruano, as\u00ed como un examen de figuras societarias a\u00fan no reguladas que requieren atenci\u00f3n normativa. Finalmente, se proyecta la evoluci\u00f3n del derecho societario a partir del Anteproyecto de Reforma de la Ley General de Sociedades, proponiendo una modernizaci\u00f3n orientada a reforzar la eficiencia empresarial, la seguridad jur\u00eddica y la adaptaci\u00f3n del sistema societario a las nuevas realidades econ\u00f3micas y tecnol\u00f3gicas.<\/p>\n","protected":false},"excerpt":{"rendered":"<p data-start=\"294\" data-end=\"493\"><strong data-start=\"207\" data-end=\"218\">T\u00edtulo:\u00a0<\/strong>Estudios de derecho societario peruano<br data-start=\"239\" data-end=\"242\" \/><strong data-start=\"242\" data-end=\"252\">Coordinador:\u00a0<\/strong>Edison Tabra Ochoa<br data-start=\"271\" data-end=\"274\" \/><strong data-start=\"274\" data-end=\"283\" data-is-only-node=\"\">ISBN:<\/strong>\u00a0978-612-99008-2-7<br data-start=\"301\" data-end=\"304\" \/><strong data-start=\"304\" data-end=\"318\">Categor\u00eda:<\/strong>\u00a0Derecho empresarial<br data-start=\"394\" data-end=\"397\" \/><strong data-start=\"397\" data-end=\"411\">Editorial:<\/strong>\u00a0Derecho &amp; Sociedad<br data-start=\"436\" data-end=\"439\" \/><strong data-start=\"458\" data-end=\"470\">Edici\u00f3n:<\/strong>\u00a01.\u00aa edici\u00f3n\u00a0<br data-start=\"491\" data-end=\"494\" \/><strong data-start=\"494\" data-end=\"517\">A\u00f1o de publicaci\u00f3n:<\/strong>\u00a02025<br data-start=\"522\" data-end=\"525\" \/><strong data-start=\"550\" data-end=\"576\">Ciudad de publicaci\u00f3n:<\/strong>\u00a0Lima<br data-start=\"581\" data-end=\"584\" \/><strong data-start=\"584\" data-end=\"606\">N\u00famero de p\u00e1ginas:<\/strong>\u00a0476<\/p>\n","protected":false},"featured_media":151,"comment_status":"open","ping_status":"closed","template":"","meta":{"site-sidebar-layout":"default","site-content-layout":"","ast-site-content-layout":"default","site-content-style":"default","site-sidebar-style":"default","ast-global-header-display":"","ast-banner-title-visibility":"","ast-main-header-display":"","ast-hfb-above-header-display":"","ast-hfb-below-header-display":"","ast-hfb-mobile-header-display":"","site-post-title":"","ast-breadcrumbs-content":"","ast-featured-img":"","footer-sml-layout":"","theme-transparent-header-meta":"default","adv-header-id-meta":"","stick-header-meta":"","header-above-stick-meta":"","header-main-stick-meta":"","header-below-stick-meta":"","astra-migrate-meta-layouts":"set","ast-page-background-enabled":"default","ast-page-background-meta":{"desktop":{"background-color":"var(--ast-global-color-5)","background-image":"","background-repeat":"repeat","background-position":"center center","background-size":"auto","background-attachment":"scroll","background-type":"","background-media":"","overlay-type":"","overlay-color":"","overlay-opacity":"","overlay-gradient":""},"tablet":{"background-color":"","background-image":"","background-repeat":"repeat","background-position":"center center","background-size":"auto","background-attachment":"scroll","background-type":"","background-media":"","overlay-type":"","overlay-color":"","overlay-opacity":"","overlay-gradient":""},"mobile":{"background-color":"","background-image":"","background-repeat":"repeat","background-position":"center center","background-size":"auto","background-attachment":"scroll","background-type":"","background-media":"","overlay-type":"","overlay-color":"","overlay-opacity":"","overlay-gradient":""}},"ast-content-background-meta":{"desktop":{"background-color":"var(--ast-global-color-4)","background-image":"","background-repeat":"repeat","background-position":"center center","background-size":"auto","background-attachment":"scroll","background-type":"","background-media":"","overlay-type":"","overlay-color":"","overlay-opacity":"","overlay-gradient":""},"tablet":{"background-color":"var(--ast-global-color-4)","background-image":"","background-repeat":"repeat","background-position":"center center","background-size":"auto","background-attachment":"scroll","background-type":"","background-media":"","overlay-type":"","overlay-color":"","overlay-opacity":"","overlay-gradient":""},"mobile":{"background-color":"var(--ast-global-color-4)","background-image":"","background-repeat":"repeat","background-position":"center center","background-size":"auto","background-attachment":"scroll","background-type":"","background-media":"","overlay-type":"","overlay-color":"","overlay-opacity":"","overlay-gradient":""}}},"product_brand":[],"product_cat":[15],"product_tag":[20,21],"class_list":{"0":"post-79","1":"product","2":"type-product","3":"status-publish","4":"has-post-thumbnail","6":"product_cat-sin-categorizar","7":"product_tag-derecho-empresarial","8":"product_tag-derecho-societario","9":"desktop-align-left","10":"tablet-align-left","11":"mobile-align-left","13":"first","14":"instock","15":"virtual","16":"sold-individually","17":"purchasable","18":"product-type-simple"},"_links":{"self":[{"href":"https:\/\/derechoysociedad.pe\/ebooks\/wp-json\/wp\/v2\/product\/79","targetHints":{"allow":["GET"]}}],"collection":[{"href":"https:\/\/derechoysociedad.pe\/ebooks\/wp-json\/wp\/v2\/product"}],"about":[{"href":"https:\/\/derechoysociedad.pe\/ebooks\/wp-json\/wp\/v2\/types\/product"}],"replies":[{"embeddable":true,"href":"https:\/\/derechoysociedad.pe\/ebooks\/wp-json\/wp\/v2\/comments?post=79"}],"wp:featuredmedia":[{"embeddable":true,"href":"https:\/\/derechoysociedad.pe\/ebooks\/wp-json\/wp\/v2\/media\/151"}],"wp:attachment":[{"href":"https:\/\/derechoysociedad.pe\/ebooks\/wp-json\/wp\/v2\/media?parent=79"}],"wp:term":[{"taxonomy":"product_brand","embeddable":true,"href":"https:\/\/derechoysociedad.pe\/ebooks\/wp-json\/wp\/v2\/product_brand?post=79"},{"taxonomy":"product_cat","embeddable":true,"href":"https:\/\/derechoysociedad.pe\/ebooks\/wp-json\/wp\/v2\/product_cat?post=79"},{"taxonomy":"product_tag","embeddable":true,"href":"https:\/\/derechoysociedad.pe\/ebooks\/wp-json\/wp\/v2\/product_tag?post=79"}],"curies":[{"name":"wp","href":"https:\/\/api.w.org\/{rel}","templated":true}]}}